{"id":271,"date":"2019-01-20T19:28:11","date_gmt":"2019-01-20T19:28:11","guid":{"rendered":"https:\/\/liberationhealing.de\/?page_id=271"},"modified":"2024-02-21T16:22:42","modified_gmt":"2024-02-21T15:22:42","slug":"impressum","status":"publish","type":"page","link":"https:\/\/liberationhealing.de\/en\/impressum\/","title":{"rendered":"Imprint"},"content":{"rendered":"<h2 class=\"wp-block-heading\" id=\"verantwortlich-fur-die-inhalte-dieser-website-sowie-der-facebookseite-liberation-healing-und-inhaber-der-damit-verbundenen-rechte\">Responsible for the content of this website and the Facebook page <strong>Liberation &amp; Healing <\/strong>and owner of related rights<\/h2>\n\n\n\n<p>Liberation &amp; Healing<br>Stefan (Steff) Huber<br>At the Staufenmauer 5<br>60311 Frankfurt<\/p>\n\n\n\n<h2 class=\"wp-block-heading\" id=\"kontakt\">Contact<\/h2>\n\n\n\n<p>Telephone: +49 (0) 611 949 1450 0 <br>E-Mail: contact (at) liberationhealing.de<br>website: <a href=\"https:\/\/liberationhealing.de\/en\/\">https:\/\/liberationhealing.de<\/a><br>Facebook site:  <a href=\"https:\/\/www.facebook.com\/liberationhealing\/\">https:\/\/www.facebook.com\/liberationhealing\/<\/a><\/p>\n\n\n\n<h2 class=\"wp-block-heading\" id=\"umsatzsteuer-id\">Tax ID<\/h2>\n\n\n\n<p>Sales tax identification number in accordance with Section 27 a of the Sales Tax Act:<br>DE294259670<\/p>\n\n\n\n<h2 class=\"wp-block-heading\" id=\"aufsichtsbehorde-fur-die-tatigkeit-als-heilpraktiker-bereich-psychotherapie\">Supervisory authority for working as a naturopath - Psychotherapy<\/h2>\n\n\n\n<p>Health Department Wiesbaden<br>Conradinerallee 11<br>65185 Wiesbaden<br>Telephone: 0611 - 31 - 4219<br>E-mail: <a href=\"http:\/\/www.berufsaufsicht@wiesbaden.de\">berufsaufsicht@wiesbaden.de<\/a><\/p>\n\n\n\n<p>Job title Stefan (Steff) Huber: Naturopath for psychotherapy<br>Job title awarded in the state of Hesse on 21.04.2017<br>Regulations: Heilpraktikergesetz - Law on the professional practice of medicine without appointment<br>Link: <a href=\"http:\/\/www.gesetze-im-internet.de\/heilprg\/BJNR002510939.html\">http:\/\/www.gesetze-im-internet.de\/heilprg\/BJNR002510939.html<\/a><\/p>\n\n\n\n<h2 class=\"wp-block-heading\" id=\"redaktionell-verantwortlich\">Editorially responsible<\/h2>\n\n\n\n<p>Stefan Huber<br>At the Staufenmauer 5<br>60311 Frankfurt<\/p>\n\n\n\n<h2 class=\"wp-block-heading\" id=\"eu-streitschlichtung\">EU dispute resolution<\/h2>\n\n\n\n<p>The European Commission provides a platform for online dispute resolution (OS): <a href=\"https:\/\/ec.europa.eu\/consumers\/odr\/\" target=\"_blank\" rel=\"noreferrer noopener\">https:\/\/ec.europa.eu\/consumers\/odr\/<\/a>.<br>Our e-mail address can be found above in the imprint.<\/p>\n\n\n\n<h2 class=\"wp-block-heading\" id=\"verbraucher-streit-beilegung-universal-schlichtungs-stelle\">Consumer dispute resolution\/universal arbitration board<\/h2>\n\n\n\n<p>We are not willing or obliged to participate in dispute resolution procedures before a consumer arbitration board.<\/p>\n\n\n\n<h2 class=\"wp-block-heading\" id=\"urheberrecht\">copyright<\/h2>\n\n\n\n<p>The content and works on these pages created by the site operators are subject to German copyright law. The duplication, processing, distribution and any kind of exploitation outside the limits of copyright require the written consent of the respective author or creator. Downloads and copies of this site are for private, non-commercial use only.<\/p>\n\n\n\n<p>As far as the contents on this side were not created by the operator, the copyrights of third parties are considered. In particular contents of third parties are marked as such. Should you still be aware of a copyright infringement, we ask for a note. Upon notification of violations, we will remove such content immediately.<\/p>\n\n\n\n<h2 class=\"wp-block-heading\" id=\"haftung-fur-inhalte\">Liability for content<\/h2>\n\n\n\n<p>As a service provider we are responsible according to \u00a7 7 Abs.1 TMG for own contents on these sides according to the general laws. According to \u00a7\u00a7 8 to 10 TMG, however, we as a service provider are not obligated to monitor transmitted or stored third-party information or to investigate circumstances that indicate an illegal activity.<\/p>\n\n\n\n<p>Obligations to remove or block the use of information under general law remain unaffected. However, liability in this regard is only possible from the moment of knowledge of a specific infringement. Upon notification of appropriate violations, we will remove this content immediately.<\/p>\n\n\n\n<h2 class=\"wp-block-heading\" id=\"haftung-fur-links\">Liability for links<\/h2>\n\n\n\n<p>Our offer contains links to external websites of third parties over whose contents we have no influence. Therefore we can not assume any liability for these external contents. The content of the linked pages is always the responsibility of the respective provider or operator of the pages. The linked pages were checked for possible legal violations at the time of linking. Illegal content was not recognizable at the time of linking.<\/p>\n\n\n\n<p>However, a permanent content control of the linked pages is not reasonable without concrete evidence of a violation of law. Upon notification of violations, we will remove such links immediately.<\/p>","protected":false},"excerpt":{"rendered":"<p>Verantwortlich f\u00fcr die Inhalte dieser Website sowie der Facebookseite Liberation&amp;Healing und Inhaber der damit verbundenen Rechte Liberation &amp; HealingStefan (Steff) HuberAn der Staufenmauer 560311 Frankfurt Kontakt Telefon: +49 (0) 611 949 1450 0 E-Mail: kontakt (at) liberationhealing.deWebsite: https:\/\/liberationhealing.deFacebookseite: https:\/\/www.facebook.com\/liberationhealing\/ Umsatzsteuer-ID Umsatzsteuer-Identifikationsnummer gem\u00e4\u00df \u00a727 a Umsatzsteuergesetz:DE294259670 Aufsichtsbeh\u00f6rde f\u00fcr die T\u00e4tigkeit als Heilpraktiker &#8211; Bereich Psychotherapie Gesundheitsamt [&hellip;]<\/p>\n","protected":false},"author":1,"featured_media":0,"parent":0,"menu_order":0,"comment_status":"closed","ping_status":"closed","template":"","meta":{"_uag_custom_page_level_css":"","ghostkit_customizer_options":"","ghostkit_custom_css":"","ghostkit_custom_js_head":"","ghostkit_custom_js_foot":"","ghostkit_typography":"","ocean_post_layout":"","ocean_both_sidebars_style":"","ocean_both_sidebars_content_width":0,"ocean_both_sidebars_sidebars_width":0,"ocean_sidebar":"0","ocean_second_sidebar":"0","ocean_disable_margins":"enable","ocean_add_body_class":"","ocean_shortcode_before_top_bar":"","ocean_shortcode_after_top_bar":"","ocean_shortcode_before_header":"","ocean_shortcode_after_header":"","ocean_has_shortcode":"","ocean_shortcode_after_title":"","ocean_shortcode_before_footer_widgets":"","ocean_shortcode_after_footer_widgets":"","ocean_shortcode_before_footer_bottom":"","ocean_shortcode_after_footer_bottom":"","ocean_display_top_bar":"default","ocean_display_header":"default","ocean_header_style":"","ocean_center_header_left_menu":"0","ocean_custom_header_template":"0","ocean_custom_logo":0,"ocean_custom_retina_logo":0,"ocean_custom_logo_max_width":0,"ocean_custom_logo_tablet_max_width":0,"ocean_custom_logo_mobile_max_width":0,"ocean_custom_logo_max_height":0,"ocean_custom_logo_tablet_max_height":0,"ocean_custom_logo_mobile_max_height":0,"ocean_header_custom_menu":"0","ocean_menu_typo_font_family":"0","ocean_menu_typo_font_subset":"","ocean_menu_typo_font_size":0,"ocean_menu_typo_font_size_tablet":0,"ocean_menu_typo_font_size_mobile":0,"ocean_menu_typo_font_size_unit":"px","ocean_menu_typo_font_weight":"","ocean_menu_typo_font_weight_tablet":"","ocean_menu_typo_font_weight_mobile":"","ocean_menu_typo_transform":"","ocean_menu_typo_transform_tablet":"","ocean_menu_typo_transform_mobile":"","ocean_menu_typo_line_height":0,"ocean_menu_typo_line_height_tablet":0,"ocean_menu_typo_line_height_mobile":0,"ocean_menu_typo_line_height_unit":"","ocean_menu_typo_spacing":0,"ocean_menu_typo_spacing_tablet":0,"ocean_menu_typo_spacing_mobile":0,"ocean_menu_typo_spacing_unit":"","ocean_menu_link_color":"","ocean_menu_link_color_hover":"","ocean_menu_link_color_active":"","ocean_menu_link_background":"","ocean_menu_link_hover_background":"","ocean_menu_link_active_background":"","ocean_menu_social_links_bg":"","ocean_menu_social_hover_links_bg":"","ocean_menu_social_links_color":"","ocean_menu_social_hover_links_color":"","ocean_disable_title":"default","ocean_disable_heading":"default","ocean_post_title":"","ocean_post_subheading":"","ocean_post_title_style":"","ocean_post_title_background_color":"","ocean_post_title_background":0,"ocean_post_title_bg_image_position":"","ocean_post_title_bg_image_attachment":"","ocean_post_title_bg_image_repeat":"","ocean_post_title_bg_image_size":"","ocean_post_title_height":0,"ocean_post_title_bg_overlay":0.5,"ocean_post_title_bg_overlay_color":"","ocean_disable_breadcrumbs":"default","ocean_breadcrumbs_color":"","ocean_breadcrumbs_separator_color":"","ocean_breadcrumbs_links_color":"","ocean_breadcrumbs_links_hover_color":"","ocean_display_footer_widgets":"default","ocean_display_footer_bottom":"default","ocean_custom_footer_template":"0","footnotes":""},"categories":[],"tags":[],"class_list":["post-271","page","type-page","status-publish","hentry","entry"],"yoast_head":"<!-- This site is optimized with the Yoast SEO plugin v27.4 - https:\/\/yoast.com\/product\/yoast-seo-wordpress\/ -->\n<title>Impressum &#187; Liberation &amp; Healing<\/title>\n<meta name=\"robots\" content=\"index, follow, max-snippet:-1, max-image-preview:large, max-video-preview:-1\" \/>\n<link rel=\"canonical\" href=\"https:\/\/liberationhealing.de\/en\/impressum\/\" \/>\n<meta property=\"og:locale\" content=\"en_US\" \/>\n<meta property=\"og:type\" content=\"article\" \/>\n<meta property=\"og:title\" content=\"Impressum &#187; Liberation &amp; Healing\" \/>\n<meta property=\"og:description\" content=\"Verantwortlich f\u00fcr die Inhalte dieser Website sowie der Facebookseite Liberation&amp;Healing und Inhaber der damit verbundenen Rechte Liberation &amp; HealingStefan (Steff) HuberAn der Staufenmauer 560311 Frankfurt Kontakt Telefon: +49 (0) 611 949 1450 0 E-Mail: kontakt (at) liberationhealing.deWebsite: https:\/\/liberationhealing.deFacebookseite: https:\/\/www.facebook.com\/liberationhealing\/ Umsatzsteuer-ID Umsatzsteuer-Identifikationsnummer gem\u00e4\u00df \u00a727 a Umsatzsteuergesetz:DE294259670 Aufsichtsbeh\u00f6rde f\u00fcr die T\u00e4tigkeit als Heilpraktiker &#8211; Bereich Psychotherapie Gesundheitsamt [&hellip;]\" \/>\n<meta property=\"og:url\" content=\"https:\/\/liberationhealing.de\/en\/impressum\/\" \/>\n<meta property=\"og:site_name\" content=\"Liberation &amp; Healing\" \/>\n<meta property=\"article:publisher\" content=\"https:\/\/www.facebook.com\/liberationhealing\/\" \/>\n<meta property=\"article:modified_time\" content=\"2024-02-21T15:22:42+00:00\" \/>\n<meta property=\"og:image\" content=\"https:\/\/liberationhealing.de\/wp-content\/uploads\/2019\/04\/Liberation-Healing-zentriert.jpg\" \/>\n\t<meta property=\"og:image:width\" content=\"532\" \/>\n\t<meta property=\"og:image:height\" content=\"375\" \/>\n\t<meta property=\"og:image:type\" content=\"image\/jpeg\" \/>\n<meta name=\"twitter:card\" content=\"summary_large_image\" \/>\n<meta name=\"twitter:site\" content=\"@liberationheal\" \/>\n<meta name=\"twitter:label1\" content=\"Est. reading time\" \/>\n\t<meta name=\"twitter:data1\" content=\"3 minutes\" \/>\n<script type=\"application\/ld+json\" class=\"yoast-schema-graph\">{\"@context\":\"https:\\\/\\\/schema.org\",\"@graph\":[{\"@type\":\"WebPage\",\"@id\":\"https:\\\/\\\/liberationhealing.de\\\/impressum\\\/\",\"url\":\"https:\\\/\\\/liberationhealing.de\\\/impressum\\\/\",\"name\":\"Impressum &#187; Liberation &amp; Healing\",\"isPartOf\":{\"@id\":\"https:\\\/\\\/liberationhealing.de\\\/#website\"},\"datePublished\":\"2019-01-20T19:28:11+00:00\",\"dateModified\":\"2024-02-21T15:22:42+00:00\",\"breadcrumb\":{\"@id\":\"https:\\\/\\\/liberationhealing.de\\\/impressum\\\/#breadcrumb\"},\"inLanguage\":\"en-US\",\"potentialAction\":[{\"@type\":\"ReadAction\",\"target\":[\"https:\\\/\\\/liberationhealing.de\\\/impressum\\\/\"]}]},{\"@type\":\"BreadcrumbList\",\"@id\":\"https:\\\/\\\/liberationhealing.de\\\/impressum\\\/#breadcrumb\",\"itemListElement\":[{\"@type\":\"ListItem\",\"position\":1,\"name\":\"\u2302\",\"item\":\"https:\\\/\\\/liberationhealing.de\\\/\"},{\"@type\":\"ListItem\",\"position\":2,\"name\":\"Impressum\"}]},{\"@type\":\"WebSite\",\"@id\":\"https:\\\/\\\/liberationhealing.de\\\/#website\",\"url\":\"https:\\\/\\\/liberationhealing.de\\\/\",\"name\":\"Liberation &amp; Healing\",\"description\":\"Paarberatung und Sexualtherapie in Wiesbaden und Frankfurt\",\"publisher\":{\"@id\":\"https:\\\/\\\/liberationhealing.de\\\/#organization\"},\"potentialAction\":[{\"@type\":\"SearchAction\",\"target\":{\"@type\":\"EntryPoint\",\"urlTemplate\":\"https:\\\/\\\/liberationhealing.de\\\/?s={search_term_string}\"},\"query-input\":{\"@type\":\"PropertyValueSpecification\",\"valueRequired\":true,\"valueName\":\"search_term_string\"}}],\"inLanguage\":\"en-US\"},{\"@type\":\"Organization\",\"@id\":\"https:\\\/\\\/liberationhealing.de\\\/#organization\",\"name\":\"Liberation & Healing\",\"url\":\"https:\\\/\\\/liberationhealing.de\\\/\",\"logo\":{\"@type\":\"ImageObject\",\"inLanguage\":\"en-US\",\"@id\":\"https:\\\/\\\/liberationhealing.de\\\/#\\\/schema\\\/logo\\\/image\\\/\",\"url\":\"https:\\\/\\\/liberationhealing.de\\\/wp-content\\\/uploads\\\/2019\\\/01\\\/shutterstock_2Hearts-gebleicht-mit-Text-Franklin-Gothic.jpg\",\"contentUrl\":\"https:\\\/\\\/liberationhealing.de\\\/wp-content\\\/uploads\\\/2019\\\/01\\\/shutterstock_2Hearts-gebleicht-mit-Text-Franklin-Gothic.jpg\",\"width\":700,\"height\":286,\"caption\":\"Liberation & Healing\"},\"image\":{\"@id\":\"https:\\\/\\\/liberationhealing.de\\\/#\\\/schema\\\/logo\\\/image\\\/\"},\"sameAs\":[\"https:\\\/\\\/www.facebook.com\\\/liberationhealing\\\/\",\"https:\\\/\\\/x.com\\\/liberationheal\",\"https:\\\/\\\/www.instagram.com\\\/liberationhealing\\\/\",\"https:\\\/\\\/www.youtube.com\\\/channel\\\/UC4eHtP57-djB6zvkE7ZO6dw\"]}]}<\/script>\n<!-- \/ Yoast SEO plugin. -->","yoast_head_json":{"title":"Imprint \u00bb Liberation &amp; Healing","robots":{"index":"index","follow":"follow","max-snippet":"max-snippet:-1","max-image-preview":"max-image-preview:large","max-video-preview":"max-video-preview:-1"},"canonical":"https:\/\/liberationhealing.de\/en\/impressum\/","og_locale":"en_US","og_type":"article","og_title":"Impressum &#187; Liberation &amp; Healing","og_description":"Verantwortlich f\u00fcr die Inhalte dieser Website sowie der Facebookseite Liberation&amp;Healing und Inhaber der damit verbundenen Rechte Liberation &amp; HealingStefan (Steff) HuberAn der Staufenmauer 560311 Frankfurt Kontakt Telefon: +49 (0) 611 949 1450 0 E-Mail: kontakt (at) liberationhealing.deWebsite: https:\/\/liberationhealing.deFacebookseite: https:\/\/www.facebook.com\/liberationhealing\/ Umsatzsteuer-ID Umsatzsteuer-Identifikationsnummer gem\u00e4\u00df \u00a727 a Umsatzsteuergesetz:DE294259670 Aufsichtsbeh\u00f6rde f\u00fcr die T\u00e4tigkeit als Heilpraktiker &#8211; Bereich Psychotherapie Gesundheitsamt [&hellip;]","og_url":"https:\/\/liberationhealing.de\/en\/impressum\/","og_site_name":"Liberation &amp; Healing","article_publisher":"https:\/\/www.facebook.com\/liberationhealing\/","article_modified_time":"2024-02-21T15:22:42+00:00","og_image":[{"width":532,"height":375,"url":"https:\/\/liberationhealing.de\/wp-content\/uploads\/2019\/04\/Liberation-Healing-zentriert.jpg","type":"image\/jpeg"}],"twitter_card":"summary_large_image","twitter_site":"@liberationheal","twitter_misc":{"Est. reading time":"3 minutes"},"schema":{"@context":"https:\/\/schema.org","@graph":[{"@type":"WebPage","@id":"https:\/\/liberationhealing.de\/impressum\/","url":"https:\/\/liberationhealing.de\/impressum\/","name":"Imprint \u00bb Liberation &amp; Healing","isPartOf":{"@id":"https:\/\/liberationhealing.de\/#website"},"datePublished":"2019-01-20T19:28:11+00:00","dateModified":"2024-02-21T15:22:42+00:00","breadcrumb":{"@id":"https:\/\/liberationhealing.de\/impressum\/#breadcrumb"},"inLanguage":"en-US","potentialAction":[{"@type":"ReadAction","target":["https:\/\/liberationhealing.de\/impressum\/"]}]},{"@type":"BreadcrumbList","@id":"https:\/\/liberationhealing.de\/impressum\/#breadcrumb","itemListElement":[{"@type":"ListItem","position":1,"name":"\u2302","item":"https:\/\/liberationhealing.de\/"},{"@type":"ListItem","position":2,"name":"Impressum"}]},{"@type":"WebSite","@id":"https:\/\/liberationhealing.de\/#website","url":"https:\/\/liberationhealing.de\/","name":"Liberation &amp; Healing","description":"Couple counseling and sex therapy in Wiesbaden and Frankfurt","publisher":{"@id":"https:\/\/liberationhealing.de\/#organization"},"potentialAction":[{"@type":"SearchAction","target":{"@type":"EntryPoint","urlTemplate":"https:\/\/liberationhealing.de\/?s={search_term_string}"},"query-input":{"@type":"PropertyValueSpecification","valueRequired":true,"valueName":"search_term_string"}}],"inLanguage":"en-US"},{"@type":"Organization","@id":"https:\/\/liberationhealing.de\/#organization","name":"Liberation &amp; Healing","url":"https:\/\/liberationhealing.de\/","logo":{"@type":"ImageObject","inLanguage":"en-US","@id":"https:\/\/liberationhealing.de\/#\/schema\/logo\/image\/","url":"https:\/\/liberationhealing.de\/wp-content\/uploads\/2019\/01\/shutterstock_2Hearts-gebleicht-mit-Text-Franklin-Gothic.jpg","contentUrl":"https:\/\/liberationhealing.de\/wp-content\/uploads\/2019\/01\/shutterstock_2Hearts-gebleicht-mit-Text-Franklin-Gothic.jpg","width":700,"height":286,"caption":"Liberation & Healing"},"image":{"@id":"https:\/\/liberationhealing.de\/#\/schema\/logo\/image\/"},"sameAs":["https:\/\/www.facebook.com\/liberationhealing\/","https:\/\/x.com\/liberationheal","https:\/\/www.instagram.com\/liberationhealing\/","https:\/\/www.youtube.com\/channel\/UC4eHtP57-djB6zvkE7ZO6dw"]}]}},"uagb_featured_image_src":{"full":false,"thumbnail":false,"medium":false,"medium_large":false,"large":false,"1536x1536":false,"2048x2048":false,"trp-custom-language-flag":false,"ocean-thumb-m":false,"ocean-thumb-ml":false,"ocean-thumb-l":false},"uagb_author_info":{"display_name":"liberationhealing","author_link":"https:\/\/liberationhealing.de\/en\/author\/liberationhealing\/"},"uagb_comment_info":0,"uagb_excerpt":"Verantwortlich f\u00fcr die Inhalte dieser Website sowie der Facebookseite Liberation&amp;Healing und Inhaber der damit verbundenen Rechte Liberation &amp; HealingStefan (Steff) HuberAn der Staufenmauer 560311 Frankfurt Kontakt Telefon: +49 (0) 611 949 1450 0 E-Mail: kontakt (at) liberationhealing.deWebsite: https:\/\/liberationhealing.deFacebookseite: https:\/\/www.facebook.com\/liberationhealing\/ Umsatzsteuer-ID Umsatzsteuer-Identifikationsnummer gem\u00e4\u00df \u00a727 a Umsatzsteuergesetz:DE294259670 Aufsichtsbeh\u00f6rde f\u00fcr die T\u00e4tigkeit als Heilpraktiker &#8211; Bereich Psychotherapie Gesundheitsamt&hellip;","_links":{"self":[{"href":"https:\/\/liberationhealing.de\/en\/wp-json\/wp\/v2\/pages\/271","targetHints":{"allow":["GET"]}}],"collection":[{"href":"https:\/\/liberationhealing.de\/en\/wp-json\/wp\/v2\/pages"}],"about":[{"href":"https:\/\/liberationhealing.de\/en\/wp-json\/wp\/v2\/types\/page"}],"author":[{"embeddable":true,"href":"https:\/\/liberationhealing.de\/en\/wp-json\/wp\/v2\/users\/1"}],"replies":[{"embeddable":true,"href":"https:\/\/liberationhealing.de\/en\/wp-json\/wp\/v2\/comments?post=271"}],"version-history":[{"count":5,"href":"https:\/\/liberationhealing.de\/en\/wp-json\/wp\/v2\/pages\/271\/revisions"}],"predecessor-version":[{"id":987,"href":"https:\/\/liberationhealing.de\/en\/wp-json\/wp\/v2\/pages\/271\/revisions\/987"}],"wp:attachment":[{"href":"https:\/\/liberationhealing.de\/en\/wp-json\/wp\/v2\/media?parent=271"}],"wp:term":[{"taxonomy":"category","embeddable":true,"href":"https:\/\/liberationhealing.de\/en\/wp-json\/wp\/v2\/categories?post=271"},{"taxonomy":"post_tag","embeddable":true,"href":"https:\/\/liberationhealing.de\/en\/wp-json\/wp\/v2\/tags?post=271"}],"curies":[{"name":"wp","href":"https:\/\/api.w.org\/{rel}","templated":true}]}}